{"id":8,"date":"2024-02-17T10:13:06","date_gmt":"2024-02-17T09:13:06","guid":{"rendered":"https:\/\/atiopia.com\/?page_id=8"},"modified":"2024-02-18T05:51:58","modified_gmt":"2024-02-18T04:51:58","slug":"8-2","status":"publish","type":"page","link":"https:\/\/atiopia.com\/","title":{"rendered":"Atiopia &#8211; L&#8217;agence marketing des artisans, lib\u00e9raux, ind\u00e9pendants."},"content":{"rendered":"<p>[et_pb_section fb_built=&#8221;1&#8243; _builder_version=&#8221;4.24.1&#8243; _module_preset=&#8221;default&#8221; custom_padding=&#8221;2px|||||&#8221; global_colors_info=&#8221;{}&#8221;][et_pb_row column_structure=&#8221;1_2,1_2&#8243; _builder_version=&#8221;4.24.1&#8243; _module_preset=&#8221;default&#8221; global_colors_info=&#8221;{}&#8221;][et_pb_column type=&#8221;1_2&#8243; _builder_version=&#8221;4.24.1&#8243; _module_preset=&#8221;default&#8221; global_colors_info=&#8221;{}&#8221;][et_pb_image src=&#8221;http:\/\/atiopia.com\/wp-content\/uploads\/2024\/02\/8.png&#8221; title_text=&#8221;Logo Atiopia&#8221; force_fullwidth=&#8221;on&#8221; align_tablet=&#8221;&#8221; align_phone=&#8221;left&#8221; align_last_edited=&#8221;on|phone&#8221; disabled_on=&#8221;off|on|on&#8221; _builder_version=&#8221;4.24.1&#8243; _module_preset=&#8221;default&#8221; transform_scale=&#8221;99%|99%&#8221; transform_scale_tablet=&#8221;99%|99%&#8221; transform_scale_phone=&#8221;99%|99%&#8221; transform_scale_last_edited=&#8221;on|desktop&#8221; transform_translate_tablet=&#8221;&#8221; transform_translate_phone=&#8221;&#8221; transform_translate_last_edited=&#8221;on|desktop&#8221; transform_rotate_tablet=&#8221;&#8221; transform_rotate_phone=&#8221;&#8221; transform_rotate_last_edited=&#8221;on|desktop&#8221; transform_skew_tablet=&#8221;&#8221; transform_skew_phone=&#8221;&#8221; transform_skew_last_edited=&#8221;on|desktop&#8221; transform_origin_tablet=&#8221;&#8221; transform_origin_phone=&#8221;&#8221; transform_origin_last_edited=&#8221;on|desktop&#8221; transform_styles_last_edited=&#8221;on|desktop&#8221; width_tablet=&#8221;43%&#8221; width_phone=&#8221;100%&#8221; width_last_edited=&#8221;on|phone&#8221; max_width_tablet=&#8221;&#8221; max_width_phone=&#8221;79%&#8221; max_width_last_edited=&#8221;on|phone&#8221; max_height=&#8221;1000px&#8221; max_height_tablet=&#8221;1000px&#8221; max_height_phone=&#8221;1000px&#8221; max_height_last_edited=&#8221;on|phone&#8221; custom_margin=&#8221;-58px|||-47px|false|false&#8221; custom_margin_tablet=&#8221;-58px|||-47px|false|false&#8221; custom_margin_phone=&#8221;-57px|||0px|false|false&#8221; custom_margin_last_edited=&#8221;on|phone&#8221; animation_style=&#8221;fade&#8221; animation_duration=&#8221;2000ms&#8221; transform_styles_tablet=&#8221;&#8221; transform_styles_phone=&#8221;&#8221; custom_css_free_form=&#8221;.selector {||  animation: floating 3s ease-in-out infinite;||}||@keyframes floating {||  0% {||    transform: translateY(0);||  }||  50% {||    transform: translateY(-10px);||  }||  100% {||    transform: translateY(0);||  }||}&#8221; global_colors_info=&#8221;{}&#8221;][\/et_pb_image][et_pb_image src=&#8221;http:\/\/atiopia.com\/wp-content\/uploads\/2024\/02\/8.png&#8221; title_text=&#8221;Logo Atiopia&#8221; disabled_on=&#8221;on|on|off&#8221; _builder_version=&#8221;4.24.1&#8243; _module_preset=&#8221;default&#8221; width=&#8221;42%&#8221; custom_margin=&#8221;-74px|||-47px|false|false&#8221; global_colors_info=&#8221;{}&#8221;][\/et_pb_image][et_pb_text _builder_version=&#8221;4.24.1&#8243; _module_preset=&#8221;e0348b4b-cce4-40ef-bcae-08fb2ed00ab3&#8243; header_font_size=&#8221;52px&#8221; custom_margin=&#8221;-49px||||false|false&#8221; header_text_align_tablet=&#8221;&#8221; header_text_align_phone=&#8221;center&#8221; header_text_align_last_edited=&#8221;on|phone&#8221; global_colors_info=&#8221;{}&#8221;]<\/p>\n<h1>Lib\u00e9rez <br data-w-id=\"b5ab9bc2-3c18-040e-aeab-531cbc993066\" data-wf-id=\"[&quot;b5ab9bc2-3c18-040e-aeab-531cbc993066&quot;,&quot;LineBreak&quot;]\" \/>le potentiel<\/h1>\n<p>[\/et_pb_text][et_pb_text _builder_version=&#8221;4.24.1&#8243; _module_preset=&#8221;e0348b4b-cce4-40ef-bcae-08fb2ed00ab3&#8243; text_font=&#8221;|600|||||||&#8221; header_font=&#8221;Roboto||||||||&#8221; header_text_color=&#8221;#1FE0BA&#8221; transform_scale=&#8221;136%|136%&#8221; transform_scale_tablet=&#8221;136%|136%&#8221; transform_scale_phone=&#8221;136%|136%&#8221; transform_scale_last_edited=&#8221;on|phone&#8221; transform_scale_linked_phone=&#8221;off&#8221; transform_translate=&#8221;63px|-7px&#8221; transform_translate_tablet=&#8221;63px|-7px&#8221; transform_translate_phone=&#8221;0px|-7px&#8221; transform_translate_last_edited=&#8221;on|phone&#8221; transform_translate_linked=&#8221;off&#8221; transform_rotate_tablet=&#8221;&#8221; transform_rotate_phone=&#8221;&#8221; transform_rotate_last_edited=&#8221;on|phone&#8221; transform_skew_tablet=&#8221;&#8221; transform_skew_phone=&#8221;&#8221; transform_skew_last_edited=&#8221;on|phone&#8221; transform_origin_tablet=&#8221;&#8221; transform_origin_phone=&#8221;&#8221; transform_origin_last_edited=&#8221;on|phone&#8221; transform_styles_last_edited=&#8221;on|phone&#8221; custom_margin_tablet=&#8221;&#8221; custom_margin_phone=&#8221;|||0px|false|false&#8221; custom_margin_last_edited=&#8221;on|phone&#8221; header_text_align_tablet=&#8221;&#8221; header_text_align_phone=&#8221;center&#8221; header_text_align_last_edited=&#8221;on|phone&#8221; transform_styles_tablet=&#8221;&#8221; transform_styles_phone=&#8221;&#8221; custom_css_free_form=&#8221;.selector .et_pb_text_inner {||  animation: float-in-left 5s ease;||}||||@keyframes float-in-left {||  from {||    transform: translateX(-100%);||    opacity: 0;||  }||  to {||    transform: translateX(0);||    opacity: 1;||  }||}||||.selector .et_pb_text_inner {||  animation-fill-mode: both;||}&#8221; global_colors_info=&#8221;{}&#8221;]<\/p>\n<h1>WEB<\/h1>\n<p>[\/et_pb_text][et_pb_text _builder_version=&#8221;4.24.1&#8243; _module_preset=&#8221;e0348b4b-cce4-40ef-bcae-08fb2ed00ab3&#8243; header_font_size=&#8221;52px&#8221; custom_margin=&#8221;-25px||||false|false&#8221; header_text_align_tablet=&#8221;&#8221; header_text_align_phone=&#8221;center&#8221; header_text_align_last_edited=&#8221;on|phone&#8221; global_colors_info=&#8221;{}&#8221;]<\/p>\n<h1>De votre Art<\/h1>\n<p>[\/et_pb_text][et_pb_text _builder_version=&#8221;4.24.1&#8243; _module_preset=&#8221;default&#8221; text_font=&#8221;Roboto|300|||||||&#8221; text_font_size=&#8221;25px&#8221; text_letter_spacing=&#8221;1px&#8221; text_line_height=&#8221;1.8em&#8221; custom_margin=&#8221;-26px||||false|false&#8221; text_orientation_tablet=&#8221;&#8221; text_orientation_phone=&#8221;center&#8221; text_orientation_last_edited=&#8221;on|phone&#8221; global_colors_info=&#8221;{}&#8221;]<\/p>\n<p>Un accompagnement <span style=\"color: #ff6600;\">MARKETING<\/span> pour les artisans, ind\u00e9pendants, lib\u00e9raux<\/p>\n<p>[\/et_pb_text][et_pb_button button_text=&#8221;Site Web Offert !&#8221; button_alignment=&#8221;right&#8221; button_text_tablet=&#8221;Site Web Offert !&#8221; button_text_phone=&#8221;Site Web Offert&#8221; button_text_last_edited=&#8221;on|desktop&#8221; button_alignment_tablet=&#8221;right&#8221; button_alignment_phone=&#8221;center&#8221; button_alignment_last_edited=&#8221;on|phone&#8221; _builder_version=&#8221;4.24.1&#8243; _module_preset=&#8221;default&#8221; custom_button=&#8221;on&#8221; button_text_size=&#8221;22px&#8221; button_text_color=&#8221;#FFFFFF&#8221; button_bg_color=&#8221;#3c48f2&#8243; button_bg_enable_image=&#8221;off&#8221; button_border_width=&#8221;0px&#8221; button_border_radius=&#8221;21px&#8221; button_letter_spacing=&#8221;1px&#8221; button_font=&#8221;Roboto|300|||||||&#8221; button_use_icon=&#8221;off&#8221; background_layout=&#8221;dark&#8221; custom_margin=&#8221;8px||36px||false|false&#8221; custom_margin_tablet=&#8221;8px||36px||false|false&#8221; custom_margin_phone=&#8221;108px|0px|9px||false|false&#8221; custom_margin_last_edited=&#8221;on|phone&#8221; custom_padding=&#8221;|52px||52px|false|false&#8221; custom_padding_tablet=&#8221;|52px||52px|false|false&#8221; custom_padding_phone=&#8221;|20px||20px|false|false&#8221; custom_padding_last_edited=&#8221;on|phone&#8221; button_text_size_tablet=&#8221;22px&#8221; button_text_size_phone=&#8221;29px&#8221; button_text_size_last_edited=&#8221;on|phone&#8221; box_shadow_style=&#8221;preset2&#8243; global_colors_info=&#8221;{}&#8221; button_text_color__hover_enabled=&#8221;on|hover&#8221; button_text_color__hover=&#8221;#FFFFFF&#8221; button_border_width__hover_enabled=&#8221;on|hover&#8221; button_border_width__hover=&#8221;0px&#8221; button_border_color__hover_enabled=&#8221;on|desktop&#8221; button_border_color__hover=&#8221;#0C71C3&#8243; button_text__hover_enabled=&#8221;off|hover&#8221; button_text__hover=&#8221;Nous contacter&#8221; button_bg_color__hover_enabled=&#8221;on|hover&#8221; button_bg_color__hover=&#8221;#1FE0BA&#8221; button_bg_enable_color__hover=&#8221;on&#8221;][\/et_pb_button][dsm_text_badges main_text=&#8221; 80 \u20ac \/ mois &#8221; badges_text=&#8221;TTC&#8221; badges_background_color=&#8221;#b200ff&#8221; admin_label=&#8221;Supreme Text Badges&#8221; _builder_version=&#8221;4.24.1&#8243; _module_preset=&#8221;default&#8221; header_font=&#8221;Roboto|500|||||||&#8221; header_letter_spacing=&#8221;2px&#8221; transform_scale_tablet=&#8221;&#8221; transform_scale_phone=&#8221;&#8221; transform_scale_last_edited=&#8221;on|phone&#8221; transform_scale_linked_phone=&#8221;off&#8221; transform_translate=&#8221;0px|-76px&#8221; transform_translate_tablet=&#8221;0px|-76px&#8221; transform_translate_phone=&#8221;0px|-160px&#8221; transform_translate_last_edited=&#8221;on|phone&#8221; transform_translate_linked=&#8221;off&#8221; transform_rotate_tablet=&#8221;&#8221; transform_rotate_phone=&#8221;&#8221; transform_rotate_last_edited=&#8221;on|phone&#8221; transform_skew_tablet=&#8221;&#8221; transform_skew_phone=&#8221;&#8221; transform_skew_last_edited=&#8221;on|phone&#8221; transform_origin_tablet=&#8221;&#8221; transform_origin_phone=&#8221;&#8221; transform_origin_last_edited=&#8221;on|phone&#8221; transform_styles_last_edited=&#8221;on|phone&#8221; text_orientation=&#8221;left&#8221; hover_enabled=&#8221;0&#8243; transform_styles_tablet=&#8221;&#8221; transform_styles_phone=&#8221;&#8221; text_orientation_tablet=&#8221;left&#8221; text_orientation_phone=&#8221;center&#8221; text_orientation_last_edited=&#8221;on|phone&#8221; background_layout_tablet=&#8221;&#8221; background_layout_phone=&#8221;&#8221; background_layout_last_edited=&#8221;on|phone&#8221; box_shadow_style=&#8221;preset1&#8243; box_shadow_horizontal=&#8221;-1px&#8221; box_shadow_vertical=&#8221;36px&#8221; box_shadow_spread=&#8221;-4px&#8221; box_shadow_color=&#8221;#28edc9&#8243; global_colors_info=&#8221;{}&#8221; custom_margin_last_edited=&#8221;on|phone&#8221; sticky_enabled=&#8221;0&#8243;][\/dsm_text_badges][\/et_pb_column][et_pb_column type=&#8221;1_2&#8243; _builder_version=&#8221;4.24.1&#8243; _module_preset=&#8221;default&#8221; global_colors_info=&#8221;{}&#8221;][et_pb_image src=&#8221;http:\/\/atiopia.com\/wp-content\/uploads\/2024\/02\/3-bb64e632-641e-41e2-8440-67d5bd121411-1024&#215;1024.jpg&#8221; title_text=&#8221;Atiopia l&#8217;agence marketing pour artisans &#8221; _builder_version=&#8221;4.24.1&#8243; _module_preset=&#8221;default&#8221; width=&#8221;90%&#8221; custom_margin=&#8221;48px||||false|false&#8221; custom_margin_tablet=&#8221;48px||||false|false&#8221; custom_margin_phone=&#8221;-27px||||false|false&#8221; custom_margin_last_edited=&#8221;on|phone&#8221; custom_padding=&#8221;||4px||false|false&#8221; animation_style=&#8221;fold&#8221; animation_duration=&#8221;2000ms&#8221; custom_css_free_form=&#8221;||.selector {||  position: relative;||  animation:||    pulse 2s ease-in-out infinite,||    float 4s ease-in-out infinite;||  animation-delay: 0.5s;||}||||@keyframes pulse {||  0% {||    transform: scale(1);||  }||  50% {||    transform: scale(1.2);||  }||  100% {||    transform: scale(1);||  }||}||||@keyframes float {||  0% {||    transform: translate(0, 0);||  }||  50% {||    transform: translate(10px, -10px);||  }||  100% {||    transform: translate(0, 0);||  }||}||.selector {||  animation: fade-in-top-right 4s;||}||@keyframes fade-in-top-right {||  0% {||    opacity: 0;||    transform: translate(100%, -100%);||  }||  100% {||    opacity: 1;||    transform: translate(0, 0);||  }||}||.selector {||  animation: float 3s ease-in-out infinite;||}&#8221; border_radii=&#8221;on|70px|70px|70px|70px&#8221; global_colors_info=&#8221;{}&#8221;][\/et_pb_image][\/et_pb_column][\/et_pb_row][\/et_pb_section]<\/p>\n","protected":false},"excerpt":{"rendered":"<p>Lib\u00e9rez le potentielWEBDe votre ArtUn accompagnement MARKETING pour les artisans, ind\u00e9pendants, lib\u00e9raux<div class=\"et_pb_module dsm_text_badges dsm_text_badges_0  et_pb_text_align_&#8221;left&#8221; et_pb_text_align_&#8221;center&#8221;-phone et_pb_bg_layout_light\">\n\t\t\t\t\n\t\t\t\t\n\t\t\t\t\n\t\t\t\t\n\t\t\t\t\n\t\t\t\t\n\t\t\t\t<div class=\"et_pb_module_inner\">\n\t\t\t\t\t<h4 class=\"dsm-text-badges et_pb_module_header\"><span class=\"dsm-text-badges-main\">&#8221;<\/span><span class=\"dsm-badges dsm-badges-after\">&#8221;TTC&#8221;<\/span><\/h4>\n\t\t\t\t<\/div>\n\t\t\t<\/div><\/p>\n","protected":false},"author":1,"featured_media":0,"parent":0,"menu_order":0,"comment_status":"closed","ping_status":"closed","template":"","meta":{"_et_pb_use_builder":"on","_et_pb_old_content":"","_et_gb_content_width":"","om_disable_all_campaigns":false,"_monsterinsights_skip_tracking":false,"_monsterinsights_sitenote_active":false,"_monsterinsights_sitenote_note":"","_monsterinsights_sitenote_category":0,"footnotes":""},"aioseo_notices":[],"_links":{"self":[{"href":"https:\/\/atiopia.com\/index.php\/wp-json\/wp\/v2\/pages\/8"}],"collection":[{"href":"https:\/\/atiopia.com\/index.php\/wp-json\/wp\/v2\/pages"}],"about":[{"href":"https:\/\/atiopia.com\/index.php\/wp-json\/wp\/v2\/types\/page"}],"author":[{"embeddable":true,"href":"https:\/\/atiopia.com\/index.php\/wp-json\/wp\/v2\/users\/1"}],"replies":[{"embeddable":true,"href":"https:\/\/atiopia.com\/index.php\/wp-json\/wp\/v2\/comments?post=8"}],"version-history":[{"count":39,"href":"https:\/\/atiopia.com\/index.php\/wp-json\/wp\/v2\/pages\/8\/revisions"}],"predecessor-version":[{"id":102,"href":"https:\/\/atiopia.com\/index.php\/wp-json\/wp\/v2\/pages\/8\/revisions\/102"}],"wp:attachment":[{"href":"https:\/\/atiopia.com\/index.php\/wp-json\/wp\/v2\/media?parent=8"}],"curies":[{"name":"wp","href":"https:\/\/api.w.org\/{rel}","templated":true}]}}